{"id":2985,"date":"2022-04-21T20:32:35","date_gmt":"2022-04-21T19:32:35","guid":{"rendered":"https:\/\/neuromed-europe.com\/contact-anglais\/"},"modified":"2023-02-24T20:20:03","modified_gmt":"2023-02-24T19:20:03","slug":"contact","status":"publish","type":"page","link":"https:\/\/neuromed-europe.com\/en\/contact\/","title":{"rendered":"Contact"},"content":{"rendered":"<div id=\"cs-content\" class=\"cs-content\"><\/div>\n","protected":false},"excerpt":{"rendered":"<p>Contact Neuromed Our teams answer all your questions by e-mail, telephone or video conference. Opening hours : From Monday to Friday From 10:00 AM to 04:00 PM Postal address : Neuromed 360 Avenue du Clapier 84320 Entraigues-sur-la-Sorgue Phone numbers : Contact the switchboard(+33) 04.86.19.88.15Sales department(+33) 06.19.60.35.21Contact usTechnical supportVideo conference appointmentPr\u00e9nom *Nom *Num\u00e9ro de t\u00e9l\u00e9phone0 \/ 15Adresse de messagerie *Gammes de &#8230; <\/p>\n<div><a href=\"https:\/\/neuromed-europe.com\/en\/contact\/\" class=\"more-link\">Read More<\/a><\/div>\n","protected":false},"author":3,"featured_media":0,"parent":0,"menu_order":0,"comment_status":"closed","ping_status":"closed","template":"template-blank-4.php","meta":{"_acf_changed":false,"_seopress_robots_primary_cat":"","_seopress_titles_title":"","_seopress_titles_desc":"","_seopress_robots_index":"","footnotes":""},"class_list":["post-2985","page","type-page","status-publish","hentry","no-post-thumbnail"],"acf":[],"_links":{"self":[{"href":"https:\/\/neuromed-europe.com\/en\/wp-json\/wp\/v2\/pages\/2985","targetHints":{"allow":["GET"]}}],"collection":[{"href":"https:\/\/neuromed-europe.com\/en\/wp-json\/wp\/v2\/pages"}],"about":[{"href":"https:\/\/neuromed-europe.com\/en\/wp-json\/wp\/v2\/types\/page"}],"author":[{"embeddable":true,"href":"https:\/\/neuromed-europe.com\/en\/wp-json\/wp\/v2\/users\/3"}],"replies":[{"embeddable":true,"href":"https:\/\/neuromed-europe.com\/en\/wp-json\/wp\/v2\/comments?post=2985"}],"version-history":[{"count":0,"href":"https:\/\/neuromed-europe.com\/en\/wp-json\/wp\/v2\/pages\/2985\/revisions"}],"wp:attachment":[{"href":"https:\/\/neuromed-europe.com\/en\/wp-json\/wp\/v2\/media?parent=2985"}],"curies":[{"name":"wp","href":"https:\/\/api.w.org\/{rel}","templated":true}]}}